
{"id":4664,"date":"2024-04-24T14:04:22","date_gmt":"2024-04-24T17:04:22","guid":{"rendered":"https:\/\/abet.com.br\/abet\/?page_id=4664"},"modified":"2024-04-24T14:20:00","modified_gmt":"2024-04-24T17:20:00","slug":"reembolso-2024","status":"publish","type":"page","link":"https:\/\/abet.com.br\/abet\/reembolso-2024\/","title":{"rendered":"Reembolso 2024"},"content":{"rendered":"<p>[et_pb_section fb_built=&#8221;1&#8243; _builder_version=&#8221;4.16&#8243; background_image=&#8221;https:\/\/abet.com.br\/abet\/wp-content\/uploads\/2019\/03\/reembolso.png&#8221; background_position=&#8221;top_left&#8221; custom_padding=&#8221;||160px&#8221; bottom_divider_style=&#8221;ramp2&#8243; bottom_divider_color=&#8221;#efefef&#8221; bottom_divider_height=&#8221;70px&#8221; locked=&#8221;off&#8221; global_colors_info=&#8221;{}&#8221;][et_pb_row _builder_version=&#8221;4.16&#8243; global_colors_info=&#8221;{}&#8221;][et_pb_column type=&#8221;4_4&#8243; _builder_version=&#8221;4.16&#8243; custom_padding=&#8221;|||&#8221; global_colors_info=&#8221;{}&#8221; custom_padding__hover=&#8221;|||&#8221;][\/et_pb_column][\/et_pb_row][\/et_pb_section][et_pb_section fb_built=&#8221;1&#8243; _builder_version=&#8221;4.16&#8243; background_color=&#8221;#efefef&#8221; custom_padding=&#8221;0|0px|50px|0px|false|false&#8221; locked=&#8221;off&#8221; global_colors_info=&#8221;{}&#8221;][et_pb_row column_structure=&#8221;1_2,1_2&#8243; _builder_version=&#8221;4.16&#8243; custom_padding=&#8221;22px|0px|9px|0px|false|false&#8221; global_colors_info=&#8221;{}&#8221;][et_pb_column type=&#8221;1_2&#8243; _builder_version=&#8221;4.16&#8243; custom_padding=&#8221;|||&#8221; global_colors_info=&#8221;{}&#8221; custom_padding__hover=&#8221;|||&#8221;][et_pb_text _builder_version=&#8221;4.16&#8243; header_font=&#8221;|700|||||||&#8221; header_text_color=&#8221;#0c71c3&#8243; header_3_font=&#8221;||||||||&#8221; header_3_text_color=&#8221;#6d6d6d&#8221; header_3_font_size=&#8221;18px&#8221; global_colors_info=&#8221;{}&#8221;]<\/p>\n<h1><span><strong>Reembolso<\/strong><\/span><\/h1>\n<p>[\/et_pb_text][\/et_pb_column][et_pb_column type=&#8221;1_2&#8243; _builder_version=&#8221;4.16&#8243; custom_padding=&#8221;|||&#8221; global_colors_info=&#8221;{}&#8221; custom_padding__hover=&#8221;|||&#8221;][\/et_pb_column][\/et_pb_row][et_pb_row column_structure=&#8221;1_2,1_2&#8243; _builder_version=&#8221;4.17.0&#8243; hover_enabled=&#8221;0&#8243; global_colors_info=&#8221;{}&#8221; custom_padding=&#8221;||14px|||&#8221; min_height=&#8221;497.7px&#8221; sticky_enabled=&#8221;0&#8243; make_equal=&#8221;on&#8221;][et_pb_column type=&#8221;1_2&#8243; _builder_version=&#8221;4.17.0&#8243; custom_padding=&#8221;30px|50px|30px|50px|true|true&#8221; hover_enabled=&#8221;0&#8243; global_colors_info=&#8221;{}&#8221; custom_padding__hover=&#8221;|||&#8221; background_color=&#8221;#FFFFFF&#8221; border_radii=&#8221;on|50px|50px|50px|50px&#8221; box_shadow_style=&#8221;preset3&#8243; sticky_enabled=&#8221;0&#8243;][et_pb_blurb title=&#8221;Reembolso Produtos \u00d3ticos&#8221; use_icon=&#8221;on&#8221; font_icon=&#8221;&#xf530;||fa||900&#8243; icon_color=&#8221;#003879&#8243; _builder_version=&#8221;4.17.0&#8243; header_font=&#8221;|600|||||||&#8221; header_text_align=&#8221;center&#8221; header_text_color=&#8221;#003879&#8243; body_font=&#8221;|600|||||||&#8221; body_text_align=&#8221;center&#8221; hover_enabled=&#8221;0&#8243; global_colors_info=&#8221;{}&#8221; sticky_enabled=&#8221;0&#8243;]<\/p>\n<p>50% do valor limitado ao teto de R$ 150,00<br \/>(Cento e cinquenta reais)<\/p>\n<p>[\/et_pb_blurb][et_pb_text _builder_version=&#8221;4.17.0&#8243; _module_preset=&#8221;default&#8221; hover_enabled=&#8221;0&#8243; sticky_enabled=&#8221;0&#8243; text_orientation=&#8221;justified&#8221;]<\/p>\n<p>A ABET subsidia parcialmente a aquisi\u00e7\u00e3o de Produtos \u00d3ticos, uma vez a cada 12 (doze) meses, somente para um produto, sendo o per\u00edodo para concess\u00e3o o m\u00eas de aquisi\u00e7\u00e3o, limitada a um teto.<\/p>\n<p>S\u00e3o considerados para subs\u00eddio os seguintes produtos \u00d3ticos: \u00d3culos corretivos (arma\u00e7\u00f5es e lentes); lentes para \u00f3culos corretivos; lentes de contato corretivas (fixa ou descart\u00e1vel); Pr\u00f3teses oculares e Produtos para higieniza\u00e7\u00e3o de lentes de contato.<\/p>\n<p>[\/et_pb_text][\/et_pb_column][et_pb_column _builder_version=&#8221;4.17.0&#8243; _module_preset=&#8221;default&#8221; type=&#8221;1_2&#8243; custom_padding=&#8221;30px|50px|30px|50px|true|true&#8221; background_color=&#8221;#FFFFFF&#8221; border_radii=&#8221;on|50px|50px|50px|50px&#8221; box_shadow_style=&#8221;preset3&#8243;][et_pb_blurb title=&#8221;Reembolso Produtos Ortop\u00e9dicos&#8221; use_icon=&#8221;on&#8221; font_icon=&#8221;&#xf54b;||fa||900&#8243; icon_color=&#8221;#003879&#8243; _builder_version=&#8221;4.17.0&#8243; header_font=&#8221;|600|||||||&#8221; header_text_align=&#8221;center&#8221; header_text_color=&#8221;#003879&#8243; body_font=&#8221;|600|||||||&#8221; body_text_align=&#8221;center&#8221; hover_enabled=&#8221;0&#8243; global_colors_info=&#8221;{}&#8221; sticky_enabled=&#8221;0&#8243;]<\/p>\n<p>50% do valor limitado ao teto de R$ 100,00<br \/>(Cem reais) Semestre<\/p>\n<p>[\/et_pb_blurb][et_pb_text _builder_version=&#8221;4.17.0&#8243; _module_preset=&#8221;default&#8221; hover_enabled=&#8221;0&#8243; sticky_enabled=&#8221;0&#8243; text_orientation=&#8221;justified&#8221;]A ABET subsidia parcialmente a aquisi\u00e7\u00e3o de Produtos Ortop\u00e9dicos, uma vez a cada 6 (seis) meses, sendo o per\u00edodo para concess\u00e3o o m\u00eas de aquisi\u00e7\u00e3o, para cada produto adquirido, limitada a um teto.<\/p>\n<p>S\u00e3o considerados para subs\u00eddio os seguintes produtos Ortop\u00e9dicos: Andadores, Bengalas, cadeiras de rodas, calcanheiras, cal\u00e7ados ortop\u00e9dicos, cintas el\u00e1sticas, colares cervicais, coletes  ortop\u00e9dicos, faixas el\u00e1sticas, joelheiras, luvas el\u00e1sticas de compress\u00e3o, malhas de compress\u00e3o para queimadura, meias el\u00e1sticas, muletas, munhequeiras, palmilhas ortop\u00e9dicas, talas, tipoias e tornozeleiras.[\/et_pb_text][\/et_pb_column][\/et_pb_row][et_pb_row _builder_version=&#8221;4.17.0&#8243; custom_padding=&#8221;|0px|0|0px|false|false&#8221; hover_enabled=&#8221;0&#8243; global_colors_info=&#8221;{}&#8221; sticky_enabled=&#8221;0&#8243;][et_pb_column type=&#8221;4_4&#8243; _builder_version=&#8221;4.16&#8243; custom_padding=&#8221;|||&#8221; global_colors_info=&#8221;{}&#8221; custom_padding__hover=&#8221;|||&#8221;][et_pb_text _builder_version=&#8221;4.17.0&#8243; header_font=&#8221;|700|||||||&#8221; header_text_color=&#8221;#0c71c3&#8243; header_3_font=&#8221;||||||||&#8221; header_3_text_color=&#8221;#6d6d6d&#8221; header_3_font_size=&#8221;18px&#8221; hover_enabled=&#8221;0&#8243; global_colors_info=&#8221;{}&#8221; sticky_enabled=&#8221;0&#8243;]<\/p>\n<p>Para solicitar o reembolso, deve-se enviar a ABET por e-mail reembolso@abet.com.br ou correio em at\u00e9 30 (trinta) dias da data da compra, os seguintes documentos:<\/p>\n<p><strong><span><span style=\"color: #2ea3f2;\">\u2713<\/span> Nota\/Cupom Fiscal (se enviado por e-mail, documento deve ser digitalizado);<\/span><\/strong><\/p>\n<p><strong><span><span style=\"color: #2ea3f2;\">\u2713<\/span> Receita m\u00e9dica\/odontol\u00f3gica leg\u00edvel (se enviado por e-mail, documento deve ser digitalizado);<\/span><\/strong><\/p>\n<p><strong><span><span style=\"color: #2ea3f2;\">\u2713<\/span> Carteirinha do Associado (se enviado por e-mail, documento deve ser digitalizado);<\/span><\/strong><\/p>\n<p><strong><\/strong><\/p>\n<p>Para entrega pessoalmente, os documentos devem ser os originais com o Formul\u00e1rio de Solicita\u00e7\u00e3o de Reembolso.<\/p>\n<p>[\/et_pb_text][et_pb_button button_url=&#8221;https:\/\/abet.com.br\/abet\/wp-content\/uploads\/2021\/03\/SOLICITA\u00c7\u00c3O-DE-REEMBOLSO-BENEF\u00cdCIOS-ABET-Edi\u00e7\u00e3o-01.03.21.pdf&#8221; url_new_window=&#8221;on&#8221; button_text=&#8221;Formul\u00e1rio de Solicita\u00e7\u00e3o de Reembolso&#8221; _builder_version=&#8221;4.16&#8243; custom_button=&#8221;on&#8221; button_text_size=&#8221;18px&#8221; button_text_color=&#8221;#ffffff&#8221; button_bg_color=&#8221;#0c71c3&#8243; button_border_radius=&#8221;9px&#8221; button_font=&#8221;||||||||&#8221; button_use_icon=&#8221;off&#8221; global_colors_info=&#8221;{}&#8221;][\/et_pb_button][et_pb_text _builder_version=&#8221;4.16&#8243; global_colors_info=&#8221;{}&#8221;][\/et_pb_text][\/et_pb_column][\/et_pb_row][\/et_pb_section][et_pb_section fb_built=&#8221;1&#8243; admin_label=&#8221;Se\u00e7\u00e3o&#8221; _builder_version=&#8221;3.21.1&#8243; background_image=&#8221;https:\/\/abet.com.br\/abet\/wp-content\/uploads\/2019\/03\/fundo_familia_abet.jpg&#8221; background_position=&#8221;top_left&#8221; custom_padding=&#8221;91px|0px|81px|0px|false|false&#8221; top_divider_color=&#8221;rgba(255,255,255,0.47)&#8221; top_divider_flip=&#8221;horizontal&#8221; global_module=&#8221;420&#8243; global_colors_info=&#8221;{}&#8221;][et_pb_row column_structure=&#8221;1_2,1_2&#8243; _builder_version=&#8221;4.16&#8243; global_colors_info=&#8221;{}&#8221;][et_pb_column type=&#8221;1_2&#8243; _builder_version=&#8221;4.16&#8243; custom_padding=&#8221;|||&#8221; global_colors_info=&#8221;{}&#8221; custom_padding__hover=&#8221;|||&#8221;][et_pb_text _builder_version=&#8221;4.16&#8243; header_font=&#8221;||||||||&#8221; header_text_color=&#8221;#2ea3f2&#8243; header_font_size=&#8221;42px&#8221; header_2_font=&#8221;||||||||&#8221; header_2_line_height=&#8221;1.2em&#8221; use_background_color_gradient=&#8221;on&#8221; background_color_gradient_direction=&#8221;90deg&#8221; background_color_gradient_stops=&#8221;#ffffff 0%|rgba(41,196,169,0) 76%&#8221; background_color_gradient_start=&#8221;#ffffff&#8221; background_color_gradient_end=&#8221;rgba(41,196,169,0)&#8221; background_color_gradient_end_position=&#8221;76%&#8221; custom_margin=&#8221;|||-10px&#8221; custom_padding=&#8221;10px|||15px&#8221; header_font_size_tablet=&#8221;30px&#8221; header_font_size_phone=&#8221;&#8221; header_font_size_last_edited=&#8221;on|phone&#8221; header_2_font_size_tablet=&#8221;20px&#8221; header_2_font_size_phone=&#8221;20px&#8221; header_2_font_size_last_edited=&#8221;on|tablet&#8221; border_radii=&#8221;|15px|||&#8221; global_colors_info=&#8221;{}&#8221;]<\/p>\n<h1>APROVEITE<\/h1>\n<p>[\/et_pb_text][et_pb_text _builder_version=&#8221;4.16&#8243; header_font=&#8221;||||||||&#8221; header_text_color=&#8221;#ffffff&#8221; header_font_size=&#8221;32px&#8221; header_2_font=&#8221;||||||||&#8221; header_2_line_height=&#8221;1.2em&#8221; header_font_size_tablet=&#8221;24px&#8221; header_font_size_phone=&#8221;&#8221; header_font_size_last_edited=&#8221;on|phone&#8221; header_text_shadow_style=&#8221;preset1&#8243; global_colors_info=&#8221;{}&#8221;]<\/p>\n<h1>S\u00e3o diversos Benef\u00edcios<br \/> para voc\u00ea e sua fam\u00edlia<\/h1>\n<p>[\/et_pb_text][et_pb_button button_url=&#8221;https:\/\/abet.com.br\/abet\/contato\/&#8221; button_text=&#8221;Seja um Associado ABET&#8221; _builder_version=&#8221;4.16&#8243; custom_button=&#8221;on&#8221; button_text_size=&#8221;18px&#8221; button_text_color=&#8221;#ffffff&#8221; button_bg_color=&#8221;#2ea3f2&#8243; button_bg_use_color_gradient=&#8221;on&#8221; button_bg_color_gradient_stops=&#8221;#2b87da 0%|#2ea3f2 100%&#8221; button_bg_color_gradient_end=&#8221;#2ea3f2&#8243; button_border_color=&#8221;#2ea3f2&#8243; button_border_radius=&#8221;5px&#8221; button_font=&#8221;||||||||&#8221; button_use_icon=&#8221;off&#8221; global_colors_info=&#8221;{}&#8221; button_bg_color__hover_enabled=&#8221;on&#8221; button_bg_color__hover=&#8221;#2ea3f2&#8243;][\/et_pb_button][\/et_pb_column][et_pb_column type=&#8221;1_2&#8243; _builder_version=&#8221;4.16&#8243; custom_padding=&#8221;|||&#8221; global_colors_info=&#8221;{}&#8221; custom_padding__hover=&#8221;|||&#8221;][\/et_pb_column][\/et_pb_row][\/et_pb_section]<\/p>\n","protected":false},"excerpt":{"rendered":"<p>Reembolso50% do valor limitado ao teto de R$ 150,00(Cento e cinquenta reais)A ABET subsidia parcialmente a aquisi\u00e7\u00e3o de Produtos \u00d3ticos, uma vez a cada 12 (doze) meses, somente para um produto, sendo o per\u00edodo para concess\u00e3o o m\u00eas de aquisi\u00e7\u00e3o, limitada a um teto. S\u00e3o considerados para subs\u00eddio os seguintes produtos \u00d3ticos: \u00d3culos corretivos (arma\u00e7\u00f5es [&hellip;]<\/p>\n","protected":false},"author":1,"featured_media":0,"parent":0,"menu_order":0,"comment_status":"closed","ping_status":"closed","template":"","meta":{"_et_pb_use_builder":"on","_et_pb_old_content":"","_et_gb_content_width":"","_mi_skip_tracking":false},"yoast_head":"<!-- This site is optimized with the Yoast SEO plugin v18.5.1 - https:\/\/yoast.com\/wordpress\/plugins\/seo\/ -->\r\n<title>Reembolso 2024 - ABET<\/title>\r\n<meta name=\"robots\" content=\"index, follow, max-snippet:-1, max-image-preview:large, max-video-preview:-1\" \/>\r\n<link rel=\"canonical\" href=\"https:\/\/abet.com.br\/abet\/reembolso-2024\/\" \/>\r\n<meta property=\"og:locale\" content=\"pt_BR\" \/>\r\n<meta property=\"og:type\" content=\"article\" \/>\r\n<meta property=\"og:title\" content=\"Reembolso 2024 - ABET\" \/>\r\n<meta property=\"og:description\" content=\"Reembolso50% do valor limitado ao teto de R$ 150,00(Cento e cinquenta reais)A ABET subsidia parcialmente a aquisi\u00e7\u00e3o de Produtos \u00d3ticos, uma vez a cada 12 (doze) meses, somente para um produto, sendo o per\u00edodo para concess\u00e3o o m\u00eas de aquisi\u00e7\u00e3o, limitada a um teto. S\u00e3o considerados para subs\u00eddio os seguintes produtos \u00d3ticos: \u00d3culos corretivos (arma\u00e7\u00f5es [&hellip;]\" \/>\r\n<meta property=\"og:url\" content=\"https:\/\/abet.com.br\/abet\/reembolso-2024\/\" \/>\r\n<meta property=\"og:site_name\" content=\"ABET\" \/>\r\n<meta property=\"article:modified_time\" content=\"2024-04-24T17:20:00+00:00\" \/>\r\n<meta name=\"twitter:card\" content=\"summary_large_image\" \/>\r\n<meta name=\"twitter:label1\" content=\"Est. reading time\" \/>\n\t<meta name=\"twitter:data1\" content=\"6 minutos\" \/>\r\n<script type=\"application\/ld+json\" class=\"yoast-schema-graph\">{\"@context\":\"https:\/\/schema.org\",\"@graph\":[{\"@type\":\"WebSite\",\"@id\":\"https:\/\/abet.com.br\/abet\/#website\",\"url\":\"https:\/\/abet.com.br\/abet\/\",\"name\":\"ABET\",\"description\":\"Associa\u00e7\u00e3o Brasileira dos Empregados em Telecomunica\u00e7\u00f5es.\",\"potentialAction\":[{\"@type\":\"SearchAction\",\"target\":{\"@type\":\"EntryPoint\",\"urlTemplate\":\"https:\/\/abet.com.br\/abet\/?s={search_term_string}\"},\"query-input\":\"required name=search_term_string\"}],\"inLanguage\":\"pt-BR\"},{\"@type\":\"WebPage\",\"@id\":\"https:\/\/abet.com.br\/abet\/reembolso-2024\/#webpage\",\"url\":\"https:\/\/abet.com.br\/abet\/reembolso-2024\/\",\"name\":\"Reembolso 2024 - ABET\",\"isPartOf\":{\"@id\":\"https:\/\/abet.com.br\/abet\/#website\"},\"datePublished\":\"2024-04-24T17:04:22+00:00\",\"dateModified\":\"2024-04-24T17:20:00+00:00\",\"breadcrumb\":{\"@id\":\"https:\/\/abet.com.br\/abet\/reembolso-2024\/#breadcrumb\"},\"inLanguage\":\"pt-BR\",\"potentialAction\":[{\"@type\":\"ReadAction\",\"target\":[\"https:\/\/abet.com.br\/abet\/reembolso-2024\/\"]}]},{\"@type\":\"BreadcrumbList\",\"@id\":\"https:\/\/abet.com.br\/abet\/reembolso-2024\/#breadcrumb\",\"itemListElement\":[{\"@type\":\"ListItem\",\"position\":1,\"name\":\"Home\",\"item\":\"https:\/\/abet.com.br\/abet\/\"},{\"@type\":\"ListItem\",\"position\":2,\"name\":\"Reembolso 2024\"}]}]}<\/script>\r\n<!-- \/ Yoast SEO plugin. -->","yoast_head_json":{"title":"Reembolso 2024 - ABET","robots":{"index":"index","follow":"follow","max-snippet":"max-snippet:-1","max-image-preview":"max-image-preview:large","max-video-preview":"max-video-preview:-1"},"canonical":"https:\/\/abet.com.br\/abet\/reembolso-2024\/","og_locale":"pt_BR","og_type":"article","og_title":"Reembolso 2024 - ABET","og_description":"Reembolso50% do valor limitado ao teto de R$ 150,00(Cento e cinquenta reais)A ABET subsidia parcialmente a aquisi\u00e7\u00e3o de Produtos \u00d3ticos, uma vez a cada 12 (doze) meses, somente para um produto, sendo o per\u00edodo para concess\u00e3o o m\u00eas de aquisi\u00e7\u00e3o, limitada a um teto. S\u00e3o considerados para subs\u00eddio os seguintes produtos \u00d3ticos: \u00d3culos corretivos (arma\u00e7\u00f5es [&hellip;]","og_url":"https:\/\/abet.com.br\/abet\/reembolso-2024\/","og_site_name":"ABET","article_modified_time":"2024-04-24T17:20:00+00:00","twitter_card":"summary_large_image","twitter_misc":{"Est. reading time":"6 minutos"},"schema":{"@context":"https:\/\/schema.org","@graph":[{"@type":"WebSite","@id":"https:\/\/abet.com.br\/abet\/#website","url":"https:\/\/abet.com.br\/abet\/","name":"ABET","description":"Associa\u00e7\u00e3o Brasileira dos Empregados em Telecomunica\u00e7\u00f5es.","potentialAction":[{"@type":"SearchAction","target":{"@type":"EntryPoint","urlTemplate":"https:\/\/abet.com.br\/abet\/?s={search_term_string}"},"query-input":"required name=search_term_string"}],"inLanguage":"pt-BR"},{"@type":"WebPage","@id":"https:\/\/abet.com.br\/abet\/reembolso-2024\/#webpage","url":"https:\/\/abet.com.br\/abet\/reembolso-2024\/","name":"Reembolso 2024 - ABET","isPartOf":{"@id":"https:\/\/abet.com.br\/abet\/#website"},"datePublished":"2024-04-24T17:04:22+00:00","dateModified":"2024-04-24T17:20:00+00:00","breadcrumb":{"@id":"https:\/\/abet.com.br\/abet\/reembolso-2024\/#breadcrumb"},"inLanguage":"pt-BR","potentialAction":[{"@type":"ReadAction","target":["https:\/\/abet.com.br\/abet\/reembolso-2024\/"]}]},{"@type":"BreadcrumbList","@id":"https:\/\/abet.com.br\/abet\/reembolso-2024\/#breadcrumb","itemListElement":[{"@type":"ListItem","position":1,"name":"Home","item":"https:\/\/abet.com.br\/abet\/"},{"@type":"ListItem","position":2,"name":"Reembolso 2024"}]}]}},"_links":{"self":[{"href":"https:\/\/abet.com.br\/abet\/wp-json\/wp\/v2\/pages\/4664"}],"collection":[{"href":"https:\/\/abet.com.br\/abet\/wp-json\/wp\/v2\/pages"}],"about":[{"href":"https:\/\/abet.com.br\/abet\/wp-json\/wp\/v2\/types\/page"}],"author":[{"embeddable":true,"href":"https:\/\/abet.com.br\/abet\/wp-json\/wp\/v2\/users\/1"}],"replies":[{"embeddable":true,"href":"https:\/\/abet.com.br\/abet\/wp-json\/wp\/v2\/comments?post=4664"}],"version-history":[{"count":3,"href":"https:\/\/abet.com.br\/abet\/wp-json\/wp\/v2\/pages\/4664\/revisions"}],"predecessor-version":[{"id":4668,"href":"https:\/\/abet.com.br\/abet\/wp-json\/wp\/v2\/pages\/4664\/revisions\/4668"}],"wp:attachment":[{"href":"https:\/\/abet.com.br\/abet\/wp-json\/wp\/v2\/media?parent=4664"}],"curies":[{"name":"wp","href":"https:\/\/api.w.org\/{rel}","templated":true}]}}