
{"id":157,"date":"2019-03-14T15:17:31","date_gmt":"2019-03-14T18:17:31","guid":{"rendered":"http:\/\/abet.com.br\/abet\/?page_id=157"},"modified":"2025-08-06T15:47:52","modified_gmt":"2025-08-06T18:47:52","slug":"metlife","status":"publish","type":"page","link":"https:\/\/abet.com.br\/abet\/metlife\/","title":{"rendered":"Metlife"},"content":{"rendered":"<p>[et_pb_section fb_built=&#8221;1&#8243; _builder_version=&#8221;4.16&#8243; background_image=&#8221;https:\/\/abet.com.br\/abet\/wp-content\/uploads\/2019\/09\/dentista_fundo.jpg&#8221; custom_padding=&#8221;||160px&#8221; bottom_divider_style=&#8221;ramp2&#8243; bottom_divider_color=&#8221;#efefef&#8221; bottom_divider_height=&#8221;70px&#8221; global_colors_info=&#8221;{}&#8221;][et_pb_row _builder_version=&#8221;4.16&#8243; global_colors_info=&#8221;{}&#8221;][et_pb_column type=&#8221;4_4&#8243; _builder_version=&#8221;4.16&#8243; custom_padding=&#8221;|||&#8221; global_colors_info=&#8221;{}&#8221; custom_padding__hover=&#8221;|||&#8221;][\/et_pb_column][\/et_pb_row][\/et_pb_section][et_pb_section fb_built=&#8221;1&#8243; _builder_version=&#8221;4.16&#8243; background_color=&#8221;#efefef&#8221; custom_margin=&#8221;0px||&#8221; custom_padding=&#8221;0|0px|0|0px|false|false&#8221; locked=&#8221;off&#8221; global_colors_info=&#8221;{}&#8221;][et_pb_row column_structure=&#8221;1_2,1_2&#8243; _builder_version=&#8221;4.16&#8243; custom_padding=&#8221;0px||||false|false&#8221; global_colors_info=&#8221;{}&#8221;][et_pb_column type=&#8221;1_2&#8243; _builder_version=&#8221;4.16&#8243; custom_padding=&#8221;|||&#8221; global_colors_info=&#8221;{}&#8221; custom_padding__hover=&#8221;|||&#8221;][et_pb_text _builder_version=&#8221;4.16&#8243; header_font=&#8221;|700|||||||&#8221; header_text_color=&#8221;#0c71c3&#8243; header_3_font=&#8221;||||||||&#8221; header_3_text_color=&#8221;#6d6d6d&#8221; header_3_font_size=&#8221;18px&#8221; global_colors_info=&#8221;{}&#8221;]<\/p>\n<h1><strong>MetLife<\/strong><\/h1>\n<h2><strong>Que tal um novo Benef\u00edcio?<\/strong><\/h2>\n<p>Conhe\u00e7a seu novo plano <strong>MetLife Dental<\/strong>. O plano oferecido pela <strong>ABET<\/strong> ficou ainda melhor!<\/p>\n<p>Com o plano MetLife Dental voc\u00ea contar\u00e1 com cobertura e atendimento em diferentes partes do pa\u00eds, sempre que precisar.<\/p>\n<p>Estamos felizes em lhe ajudar a cuidar de um dos seus bens mais preciosos: sua sa\u00fade.<\/p>\n<p>Confira a seguir os valores do plano e, para mais informa\u00e7\u00f5es sobre coberturas acesse o <strong>informativo Metlife<\/strong> ou site Metlife:\u00a0\u00a0<strong><a href=\"https:\/\/www.metlife.com.br\/\" target=\"_blank\" rel=\"noopener noreferrer\">www.metlife.com.br <\/a><\/strong><\/p>\n<p><strong><\/strong><\/p>\n<p>[\/et_pb_text][et_pb_image src=&#8221;https:\/\/abet.com.br\/abet\/wp-content\/uploads\/2019\/03\/metlife_logo.png&#8221; align_tablet=&#8221;center&#8221; align_phone=&#8221;center&#8221; align_last_edited=&#8221;on|desktop&#8221; _builder_version=&#8221;4.16&#8243; max_width=&#8221;17%&#8221; custom_margin=&#8221;-75px||-17px|700px&#8221; custom_padding=&#8221;0px||&#8221; global_colors_info=&#8221;{}&#8221;][\/et_pb_image][\/et_pb_column][et_pb_column type=&#8221;1_2&#8243; _builder_version=&#8221;4.16&#8243; custom_padding=&#8221;50px|||50px&#8221; custom_padding_tablet=&#8221;50px|||0px&#8221; custom_padding_phone=&#8221;50px|||0px&#8221; custom_padding_last_edited=&#8221;on|tablet&#8221; global_colors_info=&#8221;{}&#8221; custom_padding__hover=&#8221;|||&#8221;][et_pb_text _builder_version=&#8221;4.16&#8243; text_font=&#8221;||||||||&#8221; header_font=&#8221;|700|||||||&#8221; header_text_color=&#8221;#0c71c3&#8243; header_3_font=&#8221;||||||||&#8221; header_3_text_color=&#8221;#6d6d6d&#8221; header_3_font_size=&#8221;18px&#8221; text_orientation=&#8221;center&#8221; custom_padding=&#8221;55px||&#8221; custom_padding_tablet=&#8221;0px|||&#8221; custom_padding_phone=&#8221;&#8221; custom_padding_last_edited=&#8221;on|tablet&#8221; global_colors_info=&#8221;{}&#8221;]<\/p>\n<p style=\"text-align: left;\"><span style=\"font-size: large;\"><strong>Quem pode usufruir do Plano Odontol\u00f3gico:\u00a0<\/strong><\/span><br \/><strong>Titulares:<\/strong> Associados ABET.<br \/><strong>Dependentes:<\/strong> C\u00f4njuge, companheiro(a) e filhos solteiros,\u00a0 \u00a0 \u00a0 \u00a0 \u00a0 \u00a0 \u00a0menores de 40 anos.<br \/><strong>Agregados:\u00a0<\/strong>Pai, m\u00e3e, sogro,sogra, irm\u00e3os, netos, av\u00f4s, bisav\u00f3s, bisnetos, tios, sobrinhos, cunhado, primos e filhos acima de 40 anos.<\/p>\n<p>[\/et_pb_text][et_pb_image src=&#8221;https:\/\/abet.com.br\/abet\/wp-content\/uploads\/2019\/03\/metlife_logo.png&#8221; align_tablet=&#8221;center&#8221; align_phone=&#8221;center&#8221; align_last_edited=&#8221;on|desktop&#8221; _builder_version=&#8221;4.16&#8243; max_width=&#8221;50%&#8221; global_colors_info=&#8221;{}&#8221;][\/et_pb_image][\/et_pb_column][\/et_pb_row][et_pb_row column_structure=&#8221;1_2,1_2&#8243; _builder_version=&#8221;4.16&#8243; custom_padding=&#8221;0px||||false|false&#8221; global_colors_info=&#8221;{}&#8221;][et_pb_column type=&#8221;1_2&#8243; _builder_version=&#8221;4.16&#8243; custom_padding=&#8221;|||&#8221; global_colors_info=&#8221;{}&#8221; custom_padding__hover=&#8221;|||&#8221;][et_pb_text _builder_version=&#8221;4.17.0&#8243; header_font=&#8221;|700|||||||&#8221; header_text_color=&#8221;#0c71c3&#8243; header_3_font=&#8221;||||||||&#8221; header_3_text_color=&#8221;#6d6d6d&#8221; header_3_font_size=&#8221;18px&#8221; background_image=&#8221;https:\/\/abet.com.br\/abet\/wp-content\/uploads\/2025\/08\/Planos-Metlife-5.png&#8221; background_position=&#8221;top_right&#8221; background_horizontal_offset=&#8221;-15%&#8221; width=&#8221;219.8%&#8221; min_height=&#8221;242.8px&#8221; custom_margin=&#8221;|-522px|29px|||&#8221; custom_padding=&#8221;|44px|196px|||&#8221; hover_enabled=&#8221;0&#8243; global_colors_info=&#8221;{}&#8221; title_text=&#8221;Planos Metlife (5)&#8221; sticky_enabled=&#8221;0&#8243;][\/et_pb_text][et_pb_image src=&#8221;https:\/\/abet.com.br\/abet\/wp-content\/uploads\/2019\/03\/metlife_logo.png&#8221; align_tablet=&#8221;center&#8221; align_phone=&#8221;center&#8221; align_last_edited=&#8221;on|desktop&#8221; _builder_version=&#8221;4.16&#8243; max_width=&#8221;17%&#8221; custom_margin=&#8221;-75px||-17px|700px&#8221; custom_padding=&#8221;0px||&#8221; global_colors_info=&#8221;{}&#8221;][\/et_pb_image][\/et_pb_column][et_pb_column type=&#8221;1_2&#8243; _builder_version=&#8221;4.16&#8243; custom_padding=&#8221;50px|||50px&#8221; custom_padding_tablet=&#8221;50px|||0px&#8221; custom_padding_phone=&#8221;50px|||0px&#8221; custom_padding_last_edited=&#8221;on|tablet&#8221; global_colors_info=&#8221;{}&#8221; custom_padding__hover=&#8221;|||&#8221;][et_pb_text _builder_version=&#8221;4.16&#8243; text_font=&#8221;||||||||&#8221; header_font=&#8221;|700|||||||&#8221; header_text_color=&#8221;#0c71c3&#8243; header_3_font=&#8221;||||||||&#8221; header_3_text_color=&#8221;#6d6d6d&#8221; header_3_font_size=&#8221;18px&#8221; text_orientation=&#8221;center&#8221; custom_padding=&#8221;55px||&#8221; custom_padding_tablet=&#8221;0px|||&#8221; custom_padding_phone=&#8221;&#8221; custom_padding_last_edited=&#8221;on|tablet&#8221; global_colors_info=&#8221;{}&#8221;][\/et_pb_text][\/et_pb_column][\/et_pb_row][\/et_pb_section][et_pb_section fb_built=&#8221;1&#8243; admin_label=&#8221;Travel History&#8221; _builder_version=&#8221;4.16&#8243; background_color=&#8221;#efefef&#8221; custom_padding=&#8221;0|0px|0|0px|false|false&#8221; top_divider_color=&#8221;#ffffff&#8221; top_divider_flip=&#8221;vertical&#8221; bottom_divider_color=&#8221;#acc2e1&#8243; bottom_divider_flip=&#8221;horizontal&#8221; global_colors_info=&#8221;{}&#8221;][et_pb_row column_structure=&#8221;3_5,2_5&#8243; _builder_version=&#8221;4.16&#8243; global_colors_info=&#8221;{}&#8221;][et_pb_column type=&#8221;3_5&#8243; _builder_version=&#8221;4.16&#8243; custom_padding=&#8221;|||&#8221; global_colors_info=&#8221;{}&#8221; custom_padding__hover=&#8221;|||&#8221;][et_pb_text _builder_version=&#8221;4.16&#8243; text_font=&#8221;||||||||&#8221; header_font=&#8221;||||||||&#8221; header_3_font=&#8221;||||||||&#8221; header_3_text_color=&#8221;#0c71c3&#8243; header_3_font_size=&#8221;20px&#8221; custom_padding=&#8221;|||30px&#8221; link_option_url=&#8221;www.abet.com.br&#8221; link_option_url_new_window=&#8221;on&#8221; global_colors_info=&#8221;{}&#8221;]<\/p>\n<h3><\/h3>\n<p><span style=\"font-size: large; color: #0c71c3;\"><strong><\/strong><\/span><\/p>\n<p><span style=\"font-size: large; color: #0c71c3;\"><strong><\/strong><\/span><\/p>\n<p><span style=\"font-size: large; color: #0c71c3;\"><strong><\/strong><\/span><\/p>\n<p><span style=\"font-size: large; color: #0c71c3;\"><strong>Upgrade e Downgrade Condi\u00e7\u00f5es:<\/strong><\/span><\/p>\n<p><strong>Upgrade:<\/strong> \u00c9 permitido durante a campanha de ades\u00e3o <strong>09\/2021<\/strong>, sem car\u00eancia.<\/p>\n<p><strong>Downgrade:<\/strong> Migra\u00e7\u00e3o do plano Diamond para o plano Gold ou First<br \/>ser\u00e1 liberado desde que nos \u00faltimos 12 meses n\u00e3o tenha sido realizado<br \/>nenhum procedimento que esteja fora da cobertura do plano Gold,<br \/>como pr\u00f3teses cobertas pelo plano Diamond.<\/p>\n<p>&nbsp;<\/p>\n<h3><strong>Como aderir ao Plano Odontol\u00f3gico?<\/strong><\/h3>\n<p>E-mail: <a href=\"mailto:abet@abet.com.br\" target=\"_blank\" rel=\"noopener noreferrer\">abet@abet.com.br<\/a><br \/>Fone: 08000 111 777 ou (11) 95054-0160 (whatsApp central ABET)<\/p>\n<p>[\/et_pb_text][et_pb_button button_url=&#8221;https:\/\/abet.com.br\/abet\/wp-content\/uploads\/2020\/01\/TERMO-DE-OP\u00c7\u00c3O-METLIFE.pdf&#8221; url_new_window=&#8221;on&#8221; button_text=&#8221;Termo de Ades\u00e3o&#8221; button_alignment=&#8221;left&#8221; _builder_version=&#8221;4.16&#8243; custom_button=&#8221;on&#8221; button_text_size=&#8221;16px&#8221; button_text_color=&#8221;#ffffff&#8221; button_bg_color=&#8221;#0c71c3&#8243; button_border_width=&#8221;0px&#8221; button_border_radius=&#8221;9px&#8221; button_font=&#8221;||||||||&#8221; button_use_icon=&#8221;off&#8221; custom_margin=&#8221;|||30px&#8221; custom_padding=&#8221;|||&#8221; global_colors_info=&#8221;{}&#8221;][\/et_pb_button][et_pb_button button_url=&#8221;https:\/\/abet.com.br\/abet\/wp-content\/uploads\/2024\/06\/Coberturas.pdf&#8221; url_new_window=&#8221;on&#8221; button_text=&#8221;Coberturas&#8221; button_alignment=&#8221;left&#8221; _builder_version=&#8221;4.17.0&#8243; custom_button=&#8221;on&#8221; button_text_size=&#8221;16px&#8221; button_text_color=&#8221;#ffffff&#8221; button_bg_color=&#8221;#0c71c3&#8243; button_border_width=&#8221;0px&#8221; button_border_radius=&#8221;9px&#8221; button_font=&#8221;||||||||&#8221; button_use_icon=&#8221;off&#8221; custom_margin=&#8221;|||30px&#8221; custom_padding=&#8221;|||&#8221; global_colors_info=&#8221;{}&#8221;][\/et_pb_button][\/et_pb_column][et_pb_column type=&#8221;2_5&#8243; _builder_version=&#8221;4.16&#8243; custom_padding=&#8221;|||&#8221; global_colors_info=&#8221;{}&#8221; custom_padding__hover=&#8221;|||&#8221;][et_pb_image src=&#8221;https:\/\/abet.com.br\/abet\/wp-content\/uploads\/2019\/03\/dentista.png&#8221; show_bottom_space=&#8221;off&#8221; align_tablet=&#8221;center&#8221; align_phone=&#8221;center&#8221; align_last_edited=&#8221;on|desktop&#8221; _builder_version=&#8221;4.16&#8243; custom_margin=&#8221;11px||0px&#8221; custom_margin_tablet=&#8221;0px|||&#8221; custom_margin_phone=&#8221;&#8221; custom_margin_last_edited=&#8221;on|phone&#8221; custom_padding=&#8221;||0px&#8221; global_colors_info=&#8221;{}&#8221;][\/et_pb_image][\/et_pb_column][\/et_pb_row][\/et_pb_section][et_pb_section fb_built=&#8221;1&#8243; admin_label=&#8221;Se\u00e7\u00e3o&#8221; _builder_version=&#8221;3.21.1&#8243; background_image=&#8221;https:\/\/abet.com.br\/abet\/wp-content\/uploads\/2019\/03\/fundo_familia_abet.jpg&#8221; background_position=&#8221;top_left&#8221; custom_padding=&#8221;91px|0px|81px|0px|false|false&#8221; top_divider_color=&#8221;rgba(255,255,255,0.47)&#8221; top_divider_flip=&#8221;horizontal&#8221; global_module=&#8221;420&#8243; global_colors_info=&#8221;{}&#8221;][et_pb_row column_structure=&#8221;1_2,1_2&#8243; _builder_version=&#8221;4.16&#8243; global_colors_info=&#8221;{}&#8221;][et_pb_column type=&#8221;1_2&#8243; _builder_version=&#8221;4.16&#8243; custom_padding=&#8221;|||&#8221; global_colors_info=&#8221;{}&#8221; custom_padding__hover=&#8221;|||&#8221;][et_pb_text _builder_version=&#8221;4.16&#8243; header_font=&#8221;||||||||&#8221; header_text_color=&#8221;#2ea3f2&#8243; header_font_size=&#8221;42px&#8221; header_2_font=&#8221;||||||||&#8221; header_2_line_height=&#8221;1.2em&#8221; use_background_color_gradient=&#8221;on&#8221; background_color_gradient_direction=&#8221;90deg&#8221; background_color_gradient_stops=&#8221;#ffffff 0%|rgba(41,196,169,0) 76%&#8221; background_color_gradient_start=&#8221;#ffffff&#8221; background_color_gradient_end=&#8221;rgba(41,196,169,0)&#8221; background_color_gradient_end_position=&#8221;76%&#8221; custom_margin=&#8221;|||-10px&#8221; custom_padding=&#8221;10px|||15px&#8221; header_font_size_tablet=&#8221;30px&#8221; header_font_size_phone=&#8221;&#8221; header_font_size_last_edited=&#8221;on|phone&#8221; header_2_font_size_tablet=&#8221;20px&#8221; header_2_font_size_phone=&#8221;20px&#8221; header_2_font_size_last_edited=&#8221;on|tablet&#8221; border_radii=&#8221;|15px|||&#8221; global_colors_info=&#8221;{}&#8221;]<\/p>\n<h1>APROVEITE<\/h1>\n<p>[\/et_pb_text][et_pb_text _builder_version=&#8221;4.16&#8243; header_font=&#8221;||||||||&#8221; header_text_color=&#8221;#ffffff&#8221; header_font_size=&#8221;32px&#8221; header_2_font=&#8221;||||||||&#8221; header_2_line_height=&#8221;1.2em&#8221; header_font_size_tablet=&#8221;24px&#8221; header_font_size_phone=&#8221;&#8221; header_font_size_last_edited=&#8221;on|phone&#8221; header_text_shadow_style=&#8221;preset1&#8243; global_colors_info=&#8221;{}&#8221;]<\/p>\n<h1>S\u00e3o diversos Benef\u00edcios<br \/> para voc\u00ea e sua fam\u00edlia<\/h1>\n<p>[\/et_pb_text][et_pb_button button_url=&#8221;https:\/\/abet.com.br\/abet\/contato\/&#8221; button_text=&#8221;Seja um Associado ABET&#8221; _builder_version=&#8221;4.16&#8243; custom_button=&#8221;on&#8221; button_text_size=&#8221;18px&#8221; button_text_color=&#8221;#ffffff&#8221; button_bg_color=&#8221;#2ea3f2&#8243; button_bg_use_color_gradient=&#8221;on&#8221; button_bg_color_gradient_stops=&#8221;#2b87da 0%|#2ea3f2 100%&#8221; button_bg_color_gradient_end=&#8221;#2ea3f2&#8243; button_border_color=&#8221;#2ea3f2&#8243; button_border_radius=&#8221;5px&#8221; button_font=&#8221;||||||||&#8221; button_use_icon=&#8221;off&#8221; global_colors_info=&#8221;{}&#8221; button_bg_color__hover_enabled=&#8221;on&#8221; button_bg_color__hover=&#8221;#2ea3f2&#8243;][\/et_pb_button][\/et_pb_column][et_pb_column type=&#8221;1_2&#8243; _builder_version=&#8221;4.16&#8243; custom_padding=&#8221;|||&#8221; global_colors_info=&#8221;{}&#8221; custom_padding__hover=&#8221;|||&#8221;][\/et_pb_column][\/et_pb_row][et_pb_row column_structure=&#8221;1_2,1_2&#8243; use_custom_gutter=&#8221;on&#8221; gutter_width=&#8221;2&#8243; _builder_version=&#8221;4.16&#8243; custom_margin=&#8221;||&#8221; custom_padding=&#8221;0|0px|0|0px|false|false&#8221; global_colors_info=&#8221;{}&#8221;][et_pb_column type=&#8221;1_2&#8243; _builder_version=&#8221;4.16&#8243; custom_padding=&#8221;|||&#8221; global_colors_info=&#8221;{}&#8221; custom_padding__hover=&#8221;|||&#8221;][et_pb_text _builder_version=&#8221;4.16&#8243; header_font=&#8221;||||||||&#8221; header_2_font=&#8221;||||||||&#8221; header_2_text_color=&#8221;#003879&#8243; header_2_font_size=&#8221;20px&#8221; global_colors_info=&#8221;{}&#8221;][\/et_pb_text][\/et_pb_column][et_pb_column type=&#8221;1_2&#8243; _builder_version=&#8221;4.16&#8243; custom_padding=&#8221;|||&#8221; global_colors_info=&#8221;{}&#8221; custom_padding__hover=&#8221;|||&#8221;][et_pb_text _builder_version=&#8221;4.16&#8243; header_font=&#8221;||||||||&#8221; header_2_font=&#8221;||||||||&#8221; header_2_text_color=&#8221;#003879&#8243; header_2_font_size=&#8221;20px&#8221; global_colors_info=&#8221;{}&#8221;][\/et_pb_text][\/et_pb_column][\/et_pb_row][\/et_pb_section]<\/p>\n","protected":false},"excerpt":{"rendered":"<p>MetLife Que tal um novo Benef\u00edcio? Conhe\u00e7a seu novo plano MetLife Dental. O plano oferecido pela ABET ficou ainda melhor! Com o plano MetLife Dental voc\u00ea contar\u00e1 com cobertura e atendimento em diferentes partes do pa\u00eds, sempre que precisar. Estamos felizes em lhe ajudar a cuidar de um dos seus bens mais preciosos: sua sa\u00fade. [&hellip;]<\/p>\n","protected":false},"author":1,"featured_media":0,"parent":0,"menu_order":0,"comment_status":"closed","ping_status":"closed","template":"","meta":{"_et_pb_use_builder":"on","_et_pb_old_content":"","_et_gb_content_width":"","_mi_skip_tracking":false},"yoast_head":"<!-- This site is optimized with the Yoast SEO plugin v18.5.1 - https:\/\/yoast.com\/wordpress\/plugins\/seo\/ -->\r\n<title>Metlife - ABET - Conhe\u00e7a seu novo plano MetLife Dental.<\/title>\r\n<meta name=\"description\" content=\"O plano oferecido pela ABET ficou ainda melhor! Com o plano MetLife Dental voc\u00ea contar\u00e1 com cobertura e atendimento em diferentes partes do pa\u00eds.\" \/>\r\n<meta name=\"robots\" content=\"index, follow, max-snippet:-1, max-image-preview:large, max-video-preview:-1\" \/>\r\n<link rel=\"canonical\" href=\"https:\/\/abet.com.br\/abet\/metlife\/\" \/>\r\n<meta property=\"og:locale\" content=\"pt_BR\" \/>\r\n<meta property=\"og:type\" content=\"article\" \/>\r\n<meta property=\"og:title\" content=\"Metlife - ABET - Conhe\u00e7a seu novo plano MetLife Dental.\" \/>\r\n<meta property=\"og:description\" content=\"O plano oferecido pela ABET ficou ainda melhor! Com o plano MetLife Dental voc\u00ea contar\u00e1 com cobertura e atendimento em diferentes partes do pa\u00eds.\" \/>\r\n<meta property=\"og:url\" content=\"https:\/\/abet.com.br\/abet\/metlife\/\" \/>\r\n<meta property=\"og:site_name\" content=\"ABET\" \/>\r\n<meta property=\"article:modified_time\" content=\"2025-08-06T18:47:52+00:00\" \/>\r\n<meta name=\"twitter:card\" content=\"summary_large_image\" \/>\r\n<meta name=\"twitter:label1\" content=\"Est. reading time\" \/>\n\t<meta name=\"twitter:data1\" content=\"8 minutos\" \/>\r\n<script type=\"application\/ld+json\" class=\"yoast-schema-graph\">{\"@context\":\"https:\/\/schema.org\",\"@graph\":[{\"@type\":\"WebSite\",\"@id\":\"https:\/\/abet.com.br\/abet\/#website\",\"url\":\"https:\/\/abet.com.br\/abet\/\",\"name\":\"ABET\",\"description\":\"Associa\u00e7\u00e3o Brasileira dos Empregados em Telecomunica\u00e7\u00f5es.\",\"potentialAction\":[{\"@type\":\"SearchAction\",\"target\":{\"@type\":\"EntryPoint\",\"urlTemplate\":\"https:\/\/abet.com.br\/abet\/?s={search_term_string}\"},\"query-input\":\"required name=search_term_string\"}],\"inLanguage\":\"pt-BR\"},{\"@type\":\"WebPage\",\"@id\":\"https:\/\/abet.com.br\/abet\/metlife\/#webpage\",\"url\":\"https:\/\/abet.com.br\/abet\/metlife\/\",\"name\":\"Metlife - ABET - Conhe\u00e7a seu novo plano MetLife Dental.\",\"isPartOf\":{\"@id\":\"https:\/\/abet.com.br\/abet\/#website\"},\"datePublished\":\"2019-03-14T18:17:31+00:00\",\"dateModified\":\"2025-08-06T18:47:52+00:00\",\"description\":\"O plano oferecido pela ABET ficou ainda melhor! Com o plano MetLife Dental voc\u00ea contar\u00e1 com cobertura e atendimento em diferentes partes do pa\u00eds.\",\"breadcrumb\":{\"@id\":\"https:\/\/abet.com.br\/abet\/metlife\/#breadcrumb\"},\"inLanguage\":\"pt-BR\",\"potentialAction\":[{\"@type\":\"ReadAction\",\"target\":[\"https:\/\/abet.com.br\/abet\/metlife\/\"]}]},{\"@type\":\"BreadcrumbList\",\"@id\":\"https:\/\/abet.com.br\/abet\/metlife\/#breadcrumb\",\"itemListElement\":[{\"@type\":\"ListItem\",\"position\":1,\"name\":\"Home\",\"item\":\"https:\/\/abet.com.br\/abet\/\"},{\"@type\":\"ListItem\",\"position\":2,\"name\":\"Metlife\"}]}]}<\/script>\r\n<!-- \/ Yoast SEO plugin. -->","yoast_head_json":{"title":"Metlife - ABET - Conhe\u00e7a seu novo plano MetLife Dental.","description":"O plano oferecido pela ABET ficou ainda melhor! Com o plano MetLife Dental voc\u00ea contar\u00e1 com cobertura e atendimento em diferentes partes do pa\u00eds.","robots":{"index":"index","follow":"follow","max-snippet":"max-snippet:-1","max-image-preview":"max-image-preview:large","max-video-preview":"max-video-preview:-1"},"canonical":"https:\/\/abet.com.br\/abet\/metlife\/","og_locale":"pt_BR","og_type":"article","og_title":"Metlife - ABET - Conhe\u00e7a seu novo plano MetLife Dental.","og_description":"O plano oferecido pela ABET ficou ainda melhor! Com o plano MetLife Dental voc\u00ea contar\u00e1 com cobertura e atendimento em diferentes partes do pa\u00eds.","og_url":"https:\/\/abet.com.br\/abet\/metlife\/","og_site_name":"ABET","article_modified_time":"2025-08-06T18:47:52+00:00","twitter_card":"summary_large_image","twitter_misc":{"Est. reading time":"8 minutos"},"schema":{"@context":"https:\/\/schema.org","@graph":[{"@type":"WebSite","@id":"https:\/\/abet.com.br\/abet\/#website","url":"https:\/\/abet.com.br\/abet\/","name":"ABET","description":"Associa\u00e7\u00e3o Brasileira dos Empregados em Telecomunica\u00e7\u00f5es.","potentialAction":[{"@type":"SearchAction","target":{"@type":"EntryPoint","urlTemplate":"https:\/\/abet.com.br\/abet\/?s={search_term_string}"},"query-input":"required name=search_term_string"}],"inLanguage":"pt-BR"},{"@type":"WebPage","@id":"https:\/\/abet.com.br\/abet\/metlife\/#webpage","url":"https:\/\/abet.com.br\/abet\/metlife\/","name":"Metlife - ABET - Conhe\u00e7a seu novo plano MetLife Dental.","isPartOf":{"@id":"https:\/\/abet.com.br\/abet\/#website"},"datePublished":"2019-03-14T18:17:31+00:00","dateModified":"2025-08-06T18:47:52+00:00","description":"O plano oferecido pela ABET ficou ainda melhor! Com o plano MetLife Dental voc\u00ea contar\u00e1 com cobertura e atendimento em diferentes partes do pa\u00eds.","breadcrumb":{"@id":"https:\/\/abet.com.br\/abet\/metlife\/#breadcrumb"},"inLanguage":"pt-BR","potentialAction":[{"@type":"ReadAction","target":["https:\/\/abet.com.br\/abet\/metlife\/"]}]},{"@type":"BreadcrumbList","@id":"https:\/\/abet.com.br\/abet\/metlife\/#breadcrumb","itemListElement":[{"@type":"ListItem","position":1,"name":"Home","item":"https:\/\/abet.com.br\/abet\/"},{"@type":"ListItem","position":2,"name":"Metlife"}]}]}},"_links":{"self":[{"href":"https:\/\/abet.com.br\/abet\/wp-json\/wp\/v2\/pages\/157"}],"collection":[{"href":"https:\/\/abet.com.br\/abet\/wp-json\/wp\/v2\/pages"}],"about":[{"href":"https:\/\/abet.com.br\/abet\/wp-json\/wp\/v2\/types\/page"}],"author":[{"embeddable":true,"href":"https:\/\/abet.com.br\/abet\/wp-json\/wp\/v2\/users\/1"}],"replies":[{"embeddable":true,"href":"https:\/\/abet.com.br\/abet\/wp-json\/wp\/v2\/comments?post=157"}],"version-history":[{"count":40,"href":"https:\/\/abet.com.br\/abet\/wp-json\/wp\/v2\/pages\/157\/revisions"}],"predecessor-version":[{"id":5044,"href":"https:\/\/abet.com.br\/abet\/wp-json\/wp\/v2\/pages\/157\/revisions\/5044"}],"wp:attachment":[{"href":"https:\/\/abet.com.br\/abet\/wp-json\/wp\/v2\/media?parent=157"}],"curies":[{"name":"wp","href":"https:\/\/api.w.org\/{rel}","templated":true}]}}