
{"id":1501,"date":"2019-09-27T13:02:14","date_gmt":"2019-09-27T16:02:14","guid":{"rendered":"http:\/\/abet.com.br\/abet\/?page_id=1501"},"modified":"2026-04-06T10:59:34","modified_gmt":"2026-04-06T13:59:34","slug":"cambio-2","status":"publish","type":"page","link":"https:\/\/abet.com.br\/abet\/cambio-2\/","title":{"rendered":"C\u00e2mbio"},"content":{"rendered":"<p>[et_pb_section fb_built=&#8221;1&#8243; _builder_version=&#8221;4.16&#8243; background_image=&#8221;https:\/\/abet.com.br\/abet\/wp-content\/uploads\/2019\/09\/cambio.jpg&#8221; custom_padding=&#8221;||160px&#8221; bottom_divider_style=&#8221;ramp2&#8243; bottom_divider_color=&#8221;#efefef&#8221; bottom_divider_height=&#8221;70px&#8221; global_colors_info=&#8221;{}&#8221;][et_pb_row _builder_version=&#8221;4.16&#8243; global_colors_info=&#8221;{}&#8221;][et_pb_column type=&#8221;4_4&#8243; _builder_version=&#8221;4.16&#8243; custom_padding=&#8221;|||&#8221; global_colors_info=&#8221;{}&#8221; custom_padding__hover=&#8221;|||&#8221;][\/et_pb_column][\/et_pb_row][\/et_pb_section][et_pb_section fb_built=&#8221;1&#8243; _builder_version=&#8221;4.16&#8243; background_color=&#8221;#efefef&#8221; custom_padding=&#8221;0px||&#8221; global_colors_info=&#8221;{}&#8221;][et_pb_row _builder_version=&#8221;4.16&#8243; hover_enabled=&#8221;0&#8243; global_colors_info=&#8221;{}&#8221; column_structure=&#8221;1_2,1_2&#8243; sticky_enabled=&#8221;0&#8243;][et_pb_column type=&#8221;1_2&#8243; _builder_version=&#8221;4.16&#8243; custom_padding=&#8221;|||&#8221; global_colors_info=&#8221;{}&#8221; custom_padding__hover=&#8221;|||&#8221;][et_pb_text _builder_version=&#8221;4.16&#8243; header_font=&#8221;|700|||||||&#8221; header_text_color=&#8221;#0c71c3&#8243; header_3_font=&#8221;||||||||&#8221; header_3_text_color=&#8221;#6d6d6d&#8221; header_3_font_size=&#8221;18px&#8221; global_colors_info=&#8221;{}&#8221;]<\/p>\n<h1><strong>C\u00e2mbio<\/strong><\/h1>\n<p>[\/et_pb_text][et_pb_text _builder_version=&#8221;4.17.0&#8243; header_font=&#8221;||||||||&#8221; header_2_font=&#8221;|700|||||||&#8221; header_2_text_color=&#8221;#003879&#8243; custom_padding=&#8221;||&#8221; custom_padding_tablet=&#8221;&#8221; custom_padding_phone=&#8221;&#8221; custom_padding_last_edited=&#8221;on|phone&#8221; hover_enabled=&#8221;0&#8243; border_color_bottom=&#8221;#c4c4c4&#8243; global_colors_info=&#8221;{}&#8221; sticky_enabled=&#8221;0&#8243;]<\/p>\n<p>Novidades em breve!<\/p>\n<p>[\/et_pb_text][\/et_pb_column][et_pb_column type=&#8221;1_2&#8243; _builder_version=&#8221;4.16&#8243; custom_padding=&#8221;|||&#8221; global_colors_info=&#8221;{}&#8221; custom_padding__hover=&#8221;|||&#8221;][et_pb_image src=&#8221;https:\/\/abet.com.br\/abet\/wp-content\/uploads\/2019\/03\/Cambio.jpg&#8221; align_tablet=&#8221;center&#8221; align_last_edited=&#8221;on|desktop&#8221; _builder_version=&#8221;4.16&#8243; custom_margin=&#8221;|||&#8221; animation_style=&#8221;slide&#8221; animation_direction=&#8221;left&#8221; animation_intensity_slide=&#8221;2%&#8221; box_shadow_style=&#8221;preset2&#8243; box_shadow_color=&#8221;rgba(0,36,73,0.07)&#8221; global_colors_info=&#8221;{}&#8221; align_phone=&#8221;center&#8221;][\/et_pb_image][\/et_pb_column][\/et_pb_row][\/et_pb_section][et_pb_section fb_built=&#8221;1&#8243; admin_label=&#8221;Se\u00e7\u00e3o&#8221; _builder_version=&#8221;3.21.1&#8243; background_image=&#8221;https:\/\/abet.com.br\/abet\/wp-content\/uploads\/2019\/03\/fundo_familia_abet.jpg&#8221; background_position=&#8221;top_left&#8221; custom_padding=&#8221;91px|0px|81px|0px|false|false&#8221; top_divider_color=&#8221;rgba(255,255,255,0.47)&#8221; top_divider_flip=&#8221;horizontal&#8221; global_module=&#8221;420&#8243; global_colors_info=&#8221;{}&#8221;][et_pb_row column_structure=&#8221;1_2,1_2&#8243; _builder_version=&#8221;4.16&#8243; global_colors_info=&#8221;{}&#8221;][et_pb_column type=&#8221;1_2&#8243; _builder_version=&#8221;4.16&#8243; custom_padding=&#8221;|||&#8221; global_colors_info=&#8221;{}&#8221; custom_padding__hover=&#8221;|||&#8221;][et_pb_text _builder_version=&#8221;4.16&#8243; header_font=&#8221;||||||||&#8221; header_text_color=&#8221;#2ea3f2&#8243; header_font_size=&#8221;42px&#8221; header_2_font=&#8221;||||||||&#8221; header_2_line_height=&#8221;1.2em&#8221; use_background_color_gradient=&#8221;on&#8221; background_color_gradient_direction=&#8221;90deg&#8221; background_color_gradient_stops=&#8221;#ffffff 0%|rgba(41,196,169,0) 76%&#8221; background_color_gradient_start=&#8221;#ffffff&#8221; background_color_gradient_end=&#8221;rgba(41,196,169,0)&#8221; background_color_gradient_end_position=&#8221;76%&#8221; custom_margin=&#8221;|||-10px&#8221; custom_padding=&#8221;10px|||15px&#8221; header_font_size_tablet=&#8221;30px&#8221; header_font_size_phone=&#8221;&#8221; header_font_size_last_edited=&#8221;on|phone&#8221; header_2_font_size_tablet=&#8221;20px&#8221; header_2_font_size_phone=&#8221;20px&#8221; header_2_font_size_last_edited=&#8221;on|tablet&#8221; border_radii=&#8221;|15px|||&#8221; global_colors_info=&#8221;{}&#8221;]<\/p>\n<h1>APROVEITE<\/h1>\n<p>[\/et_pb_text][et_pb_text _builder_version=&#8221;4.16&#8243; header_font=&#8221;||||||||&#8221; header_text_color=&#8221;#ffffff&#8221; header_font_size=&#8221;32px&#8221; header_2_font=&#8221;||||||||&#8221; header_2_line_height=&#8221;1.2em&#8221; header_font_size_tablet=&#8221;24px&#8221; header_font_size_phone=&#8221;&#8221; header_font_size_last_edited=&#8221;on|phone&#8221; header_text_shadow_style=&#8221;preset1&#8243; global_colors_info=&#8221;{}&#8221;]<\/p>\n<h1>S\u00e3o diversos Benef\u00edcios<br \/> para voc\u00ea e sua fam\u00edlia<\/h1>\n<p>[\/et_pb_text][et_pb_button button_url=&#8221;https:\/\/abet.com.br\/abet\/contato\/&#8221; button_text=&#8221;Seja um Associado ABET&#8221; _builder_version=&#8221;4.16&#8243; custom_button=&#8221;on&#8221; button_text_size=&#8221;18px&#8221; button_text_color=&#8221;#ffffff&#8221; button_bg_color=&#8221;#2ea3f2&#8243; button_bg_use_color_gradient=&#8221;on&#8221; button_bg_color_gradient_stops=&#8221;#2b87da 0%|#2ea3f2 100%&#8221; button_bg_color_gradient_end=&#8221;#2ea3f2&#8243; button_border_color=&#8221;#2ea3f2&#8243; button_border_radius=&#8221;5px&#8221; button_font=&#8221;||||||||&#8221; button_use_icon=&#8221;off&#8221; global_colors_info=&#8221;{}&#8221; button_bg_color__hover_enabled=&#8221;on&#8221; button_bg_color__hover=&#8221;#2ea3f2&#8243;][\/et_pb_button][\/et_pb_column][et_pb_column type=&#8221;1_2&#8243; _builder_version=&#8221;4.16&#8243; custom_padding=&#8221;|||&#8221; global_colors_info=&#8221;{}&#8221; custom_padding__hover=&#8221;|||&#8221;][\/et_pb_column][\/et_pb_row][et_pb_row column_structure=&#8221;1_2,1_2&#8243; use_custom_gutter=&#8221;on&#8221; gutter_width=&#8221;2&#8243; _builder_version=&#8221;4.16&#8243; custom_margin=&#8221;||&#8221; custom_padding=&#8221;0|0px|0|0px|false|false&#8221; global_colors_info=&#8221;{}&#8221;][et_pb_column type=&#8221;1_2&#8243; _builder_version=&#8221;4.16&#8243; custom_padding=&#8221;|||&#8221; global_colors_info=&#8221;{}&#8221; custom_padding__hover=&#8221;|||&#8221;][et_pb_text _builder_version=&#8221;4.16&#8243; header_font=&#8221;||||||||&#8221; header_2_font=&#8221;||||||||&#8221; header_2_text_color=&#8221;#003879&#8243; header_2_font_size=&#8221;20px&#8221; global_colors_info=&#8221;{}&#8221;][\/et_pb_text][\/et_pb_column][et_pb_column type=&#8221;1_2&#8243; _builder_version=&#8221;4.16&#8243; custom_padding=&#8221;|||&#8221; global_colors_info=&#8221;{}&#8221; custom_padding__hover=&#8221;|||&#8221;][et_pb_text _builder_version=&#8221;4.16&#8243; header_font=&#8221;||||||||&#8221; header_2_font=&#8221;||||||||&#8221; header_2_text_color=&#8221;#003879&#8243; header_2_font_size=&#8221;20px&#8221; global_colors_info=&#8221;{}&#8221;][\/et_pb_text][\/et_pb_column][\/et_pb_row][\/et_pb_section]<\/p>\n","protected":false},"excerpt":{"rendered":"<p>C\u00e2mbioNovidades em breve!APROVEITES\u00e3o diversos Benef\u00edcios para voc\u00ea e sua fam\u00edlia<\/p>\n","protected":false},"author":1,"featured_media":0,"parent":0,"menu_order":0,"comment_status":"closed","ping_status":"closed","template":"","meta":{"_et_pb_use_builder":"on","_et_pb_old_content":"","_et_gb_content_width":"","_mi_skip_tracking":false},"yoast_head":"<!-- This site is optimized with the Yoast SEO plugin v18.5.1 - https:\/\/yoast.com\/wordpress\/plugins\/seo\/ -->\r\n<title>C\u00e2mbio Turismo e C\u00e2mbio Comercial - Saiba como obter os Benef\u00edcios<\/title>\r\n<meta name=\"description\" content=\"A ABET em parceria com a Advanced Corretora de C\u00e2mbio oferece aos seus Associados: C\u00c2MBIO TURISMO e C\u00c2MBIO COMERCIAL. Acesse o site para ver esse Benef\u00edcio.\" \/>\r\n<meta name=\"robots\" content=\"index, follow, max-snippet:-1, max-image-preview:large, max-video-preview:-1\" \/>\r\n<link rel=\"canonical\" href=\"https:\/\/abet.com.br\/abet\/cambio-2\/\" \/>\r\n<meta property=\"og:locale\" content=\"pt_BR\" \/>\r\n<meta property=\"og:type\" content=\"article\" \/>\r\n<meta property=\"og:title\" content=\"C\u00e2mbio Turismo e C\u00e2mbio Comercial - Saiba como obter os Benef\u00edcios\" \/>\r\n<meta property=\"og:description\" content=\"A ABET em parceria com a Advanced Corretora de C\u00e2mbio oferece aos seus Associados: C\u00c2MBIO TURISMO e C\u00c2MBIO COMERCIAL. Acesse o site para ver esse Benef\u00edcio.\" \/>\r\n<meta property=\"og:url\" content=\"https:\/\/abet.com.br\/abet\/cambio-2\/\" \/>\r\n<meta property=\"og:site_name\" content=\"ABET\" \/>\r\n<meta property=\"article:modified_time\" content=\"2026-04-06T13:59:34+00:00\" \/>\r\n<meta name=\"twitter:card\" content=\"summary_large_image\" \/>\r\n<meta name=\"twitter:label1\" content=\"Est. reading time\" \/>\n\t<meta name=\"twitter:data1\" content=\"4 minutos\" \/>\r\n<script type=\"application\/ld+json\" class=\"yoast-schema-graph\">{\"@context\":\"https:\/\/schema.org\",\"@graph\":[{\"@type\":\"WebSite\",\"@id\":\"https:\/\/abet.com.br\/abet\/#website\",\"url\":\"https:\/\/abet.com.br\/abet\/\",\"name\":\"ABET\",\"description\":\"Associa\u00e7\u00e3o Brasileira dos Empregados em Telecomunica\u00e7\u00f5es.\",\"potentialAction\":[{\"@type\":\"SearchAction\",\"target\":{\"@type\":\"EntryPoint\",\"urlTemplate\":\"https:\/\/abet.com.br\/abet\/?s={search_term_string}\"},\"query-input\":\"required name=search_term_string\"}],\"inLanguage\":\"pt-BR\"},{\"@type\":\"WebPage\",\"@id\":\"https:\/\/abet.com.br\/abet\/cambio-2\/#webpage\",\"url\":\"https:\/\/abet.com.br\/abet\/cambio-2\/\",\"name\":\"C\u00e2mbio Turismo e C\u00e2mbio Comercial - Saiba como obter os Benef\u00edcios\",\"isPartOf\":{\"@id\":\"https:\/\/abet.com.br\/abet\/#website\"},\"datePublished\":\"2019-09-27T16:02:14+00:00\",\"dateModified\":\"2026-04-06T13:59:34+00:00\",\"description\":\"A ABET em parceria com a Advanced Corretora de C\u00e2mbio oferece aos seus Associados: C\u00c2MBIO TURISMO e C\u00c2MBIO COMERCIAL. Acesse o site para ver esse Benef\u00edcio.\",\"breadcrumb\":{\"@id\":\"https:\/\/abet.com.br\/abet\/cambio-2\/#breadcrumb\"},\"inLanguage\":\"pt-BR\",\"potentialAction\":[{\"@type\":\"ReadAction\",\"target\":[\"https:\/\/abet.com.br\/abet\/cambio-2\/\"]}]},{\"@type\":\"BreadcrumbList\",\"@id\":\"https:\/\/abet.com.br\/abet\/cambio-2\/#breadcrumb\",\"itemListElement\":[{\"@type\":\"ListItem\",\"position\":1,\"name\":\"Home\",\"item\":\"https:\/\/abet.com.br\/abet\/\"},{\"@type\":\"ListItem\",\"position\":2,\"name\":\"C\u00e2mbio\"}]}]}<\/script>\r\n<!-- \/ Yoast SEO plugin. -->","yoast_head_json":{"title":"C\u00e2mbio Turismo e C\u00e2mbio Comercial - Saiba como obter os Benef\u00edcios","description":"A ABET em parceria com a Advanced Corretora de C\u00e2mbio oferece aos seus Associados: C\u00c2MBIO TURISMO e C\u00c2MBIO COMERCIAL. Acesse o site para ver esse Benef\u00edcio.","robots":{"index":"index","follow":"follow","max-snippet":"max-snippet:-1","max-image-preview":"max-image-preview:large","max-video-preview":"max-video-preview:-1"},"canonical":"https:\/\/abet.com.br\/abet\/cambio-2\/","og_locale":"pt_BR","og_type":"article","og_title":"C\u00e2mbio Turismo e C\u00e2mbio Comercial - Saiba como obter os Benef\u00edcios","og_description":"A ABET em parceria com a Advanced Corretora de C\u00e2mbio oferece aos seus Associados: C\u00c2MBIO TURISMO e C\u00c2MBIO COMERCIAL. Acesse o site para ver esse Benef\u00edcio.","og_url":"https:\/\/abet.com.br\/abet\/cambio-2\/","og_site_name":"ABET","article_modified_time":"2026-04-06T13:59:34+00:00","twitter_card":"summary_large_image","twitter_misc":{"Est. reading time":"4 minutos"},"schema":{"@context":"https:\/\/schema.org","@graph":[{"@type":"WebSite","@id":"https:\/\/abet.com.br\/abet\/#website","url":"https:\/\/abet.com.br\/abet\/","name":"ABET","description":"Associa\u00e7\u00e3o Brasileira dos Empregados em Telecomunica\u00e7\u00f5es.","potentialAction":[{"@type":"SearchAction","target":{"@type":"EntryPoint","urlTemplate":"https:\/\/abet.com.br\/abet\/?s={search_term_string}"},"query-input":"required name=search_term_string"}],"inLanguage":"pt-BR"},{"@type":"WebPage","@id":"https:\/\/abet.com.br\/abet\/cambio-2\/#webpage","url":"https:\/\/abet.com.br\/abet\/cambio-2\/","name":"C\u00e2mbio Turismo e C\u00e2mbio Comercial - Saiba como obter os Benef\u00edcios","isPartOf":{"@id":"https:\/\/abet.com.br\/abet\/#website"},"datePublished":"2019-09-27T16:02:14+00:00","dateModified":"2026-04-06T13:59:34+00:00","description":"A ABET em parceria com a Advanced Corretora de C\u00e2mbio oferece aos seus Associados: C\u00c2MBIO TURISMO e C\u00c2MBIO COMERCIAL. Acesse o site para ver esse Benef\u00edcio.","breadcrumb":{"@id":"https:\/\/abet.com.br\/abet\/cambio-2\/#breadcrumb"},"inLanguage":"pt-BR","potentialAction":[{"@type":"ReadAction","target":["https:\/\/abet.com.br\/abet\/cambio-2\/"]}]},{"@type":"BreadcrumbList","@id":"https:\/\/abet.com.br\/abet\/cambio-2\/#breadcrumb","itemListElement":[{"@type":"ListItem","position":1,"name":"Home","item":"https:\/\/abet.com.br\/abet\/"},{"@type":"ListItem","position":2,"name":"C\u00e2mbio"}]}]}},"_links":{"self":[{"href":"https:\/\/abet.com.br\/abet\/wp-json\/wp\/v2\/pages\/1501"}],"collection":[{"href":"https:\/\/abet.com.br\/abet\/wp-json\/wp\/v2\/pages"}],"about":[{"href":"https:\/\/abet.com.br\/abet\/wp-json\/wp\/v2\/types\/page"}],"author":[{"embeddable":true,"href":"https:\/\/abet.com.br\/abet\/wp-json\/wp\/v2\/users\/1"}],"replies":[{"embeddable":true,"href":"https:\/\/abet.com.br\/abet\/wp-json\/wp\/v2\/comments?post=1501"}],"version-history":[{"count":8,"href":"https:\/\/abet.com.br\/abet\/wp-json\/wp\/v2\/pages\/1501\/revisions"}],"predecessor-version":[{"id":5205,"href":"https:\/\/abet.com.br\/abet\/wp-json\/wp\/v2\/pages\/1501\/revisions\/5205"}],"wp:attachment":[{"href":"https:\/\/abet.com.br\/abet\/wp-json\/wp\/v2\/media?parent=1501"}],"curies":[{"name":"wp","href":"https:\/\/api.w.org\/{rel}","templated":true}]}}