
{"id":1494,"date":"2019-09-27T12:53:13","date_gmt":"2019-09-27T15:53:13","guid":{"rendered":"http:\/\/abet.com.br\/abet\/?page_id=1494"},"modified":"2025-09-16T17:30:58","modified_gmt":"2025-09-16T20:30:58","slug":"seguro-viagem-3","status":"publish","type":"page","link":"https:\/\/abet.com.br\/abet\/seguro-viagem-3\/","title":{"rendered":"Seguro Viagem"},"content":{"rendered":"<p>[et_pb_section fb_built=&#8221;1&#8243; _builder_version=&#8221;4.16&#8243; background_image=&#8221;https:\/\/abet.com.br\/abet\/wp-content\/uploads\/2019\/09\/viagem_relax2.jpg&#8221; custom_padding=&#8221;||160px&#8221; bottom_divider_style=&#8221;ramp2&#8243; bottom_divider_color=&#8221;#efefef&#8221; bottom_divider_height=&#8221;70px&#8221; global_colors_info=&#8221;{}&#8221;][et_pb_row _builder_version=&#8221;4.16&#8243; global_colors_info=&#8221;{}&#8221;][et_pb_column type=&#8221;4_4&#8243; _builder_version=&#8221;4.16&#8243; custom_padding=&#8221;|||&#8221; global_colors_info=&#8221;{}&#8221; custom_padding__hover=&#8221;|||&#8221;][\/et_pb_column][\/et_pb_row][\/et_pb_section][et_pb_section fb_built=&#8221;1&#8243; _builder_version=&#8221;4.16&#8243; background_color=&#8221;#efefef&#8221; custom_padding=&#8221;0px||&#8221; global_colors_info=&#8221;{}&#8221;][et_pb_row _builder_version=&#8221;4.16&#8243; global_colors_info=&#8221;{}&#8221; column_structure=&#8221;1_2,1_2&#8243;][et_pb_column type=&#8221;1_2&#8243; _builder_version=&#8221;4.16&#8243; custom_padding=&#8221;|||&#8221; global_colors_info=&#8221;{}&#8221; custom_padding__hover=&#8221;|||&#8221;][et_pb_text _builder_version=&#8221;4.16&#8243; header_font=&#8221;|700|||||||&#8221; header_text_color=&#8221;#0c71c3&#8243; header_3_font=&#8221;||||||||&#8221; header_3_text_color=&#8221;#6d6d6d&#8221; header_3_font_size=&#8221;18px&#8221; global_colors_info=&#8221;{}&#8221;]<\/p>\n<h1><strong>Seguro Viagem<\/strong><\/h1>\n<p>[\/et_pb_text][et_pb_text _builder_version=&#8221;4.16&#8243; header_font=&#8221;||||||||&#8221; header_2_font=&#8221;|700|||||||&#8221; header_2_text_color=&#8221;#003879&#8243; custom_padding=&#8221;||&#8221; custom_padding_tablet=&#8221;&#8221; custom_padding_phone=&#8221;&#8221; custom_padding_last_edited=&#8221;on|phone&#8221; border_color_bottom=&#8221;#c4c4c4&#8243; global_colors_info=&#8221;{}&#8221;]<\/p>\n<p><span style=\"font-size: 14px;\">Tratados internacionais obrigam, para a entrada em alguns pa\u00edses, que os turistas comprovem a contrata\u00e7\u00e3o de um Seguro Viagem, para garantir a assist\u00eancia m\u00e9dica por doen\u00e7a ou acidente. <\/span><\/p>\n<p><span style=\"font-size: 14px;\">Dentre os pa\u00edses que exigem este seguro, est\u00e3o Alemanha, Dinamarca, Espanha, Fran\u00e7a, Gr\u00e9cia, Holanda, It\u00e1lia, Luxemburgo, Noruega, Portugal, Su\u00e9cia e Su\u00ed\u00e7a.<\/span><\/p>\n<p>Op\u00e7\u00f5es de planos s\u00e3o oferecidas no mercado de seguros no Brasil, de acordo com o destino, tempo de dura\u00e7\u00e3o da viagem, limites e coberturas escolhidas.<\/p>\n<p>As coberturas mais contratadas pelos turistas s\u00e3o:<\/p>\n<p><strong><span style=\"color: #2ea3f2;\">\u2713<\/span> Localiza\u00e7\u00e3o, extravio ou danos de bagagem;<\/strong><br \/> <strong><span style=\"color: #2ea3f2;\">\u2713<\/span> Despesas m\u00e9dicas, hospitalares e\/ou odontol\u00f3gicas (DMHO);<\/strong><br \/> <strong><span style=\"color: #2ea3f2;\">\u2713<\/span> Remo\u00e7\u00e3o inter-hospitalar; e<\/strong><br \/> <strong><span style=\"color: #2ea3f2;\">\u2713<\/span> Morte acidental ou invalidez permanente total ou parcial por acidente.<\/strong><\/p>\n<p>O suporte para atendimento durante a viagem funciona 24 horas por dia, 7 dias por semana, em portugu\u00eas ou outros idiomas.<\/p>\n<p><strong>O seguro viagem pode ser contratado tamb\u00e9m, para viagens dentro do Brasil.<\/strong><\/p>\n<p><strong><\/strong><\/p>\n<p>[\/et_pb_text][et_pb_blurb title=&#8221;Solicite sua cota\u00e7\u00e3o agora!&#8221; url=&#8221;http:\/\/www.abetseguros.com.br\/formulario-seguro-viagem\/&#8221; url_new_window=&#8221;on&#8221; use_icon=&#8221;on&#8221; font_icon=&#8221;&#xe0ee;||divi||400&#8243; icon_color=&#8221;#003879&#8243; icon_placement=&#8221;left&#8221; image_icon_width=&#8221;74px&#8221; _builder_version=&#8221;4.17.0&#8243; header_font=&#8221;|700|||||||&#8221; header_text_align=&#8221;left&#8221; header_text_color=&#8221;#003879&#8243; header_font_size=&#8221;20px&#8221; body_font=&#8221;||||||||&#8221; body_text_align=&#8221;left&#8221; body_font_size=&#8221;16px&#8221; custom_padding=&#8221;|||&#8221; link_option_url_new_window=&#8221;on&#8221; hover_enabled=&#8221;0&#8243; icon_font_size=&#8221;74px&#8221; global_colors_info=&#8221;{}&#8221; sticky_enabled=&#8221;0&#8243;]<\/p>\n<p>(11) <span>97151-7458<\/span><br \/><a href=\"mailto:seguro@abet.com.br\">seguro@auriscorretora.com.br<\/a><\/p>\n<p>[\/et_pb_blurb][\/et_pb_column][et_pb_column type=&#8221;1_2&#8243; _builder_version=&#8221;4.16&#8243; custom_padding=&#8221;|||&#8221; global_colors_info=&#8221;{}&#8221; custom_padding__hover=&#8221;|||&#8221;][et_pb_image src=&#8221;https:\/\/abet.com.br\/abet\/wp-content\/uploads\/2019\/03\/Seguro-Viagem.jpg&#8221; align_tablet=&#8221;center&#8221; align_last_edited=&#8221;on|desktop&#8221; _builder_version=&#8221;4.16&#8243; custom_margin=&#8221;|||&#8221; animation_style=&#8221;slide&#8221; animation_direction=&#8221;right&#8221; animation_intensity_slide=&#8221;2%&#8221; box_shadow_style=&#8221;preset2&#8243; box_shadow_color=&#8221;rgba(0,36,73,0.07)&#8221; global_colors_info=&#8221;{}&#8221; align_phone=&#8221;center&#8221;][\/et_pb_image][\/et_pb_column][\/et_pb_row][\/et_pb_section][et_pb_section fb_built=&#8221;1&#8243; admin_label=&#8221;Se\u00e7\u00e3o&#8221; _builder_version=&#8221;3.21.1&#8243; background_image=&#8221;https:\/\/abet.com.br\/abet\/wp-content\/uploads\/2019\/03\/fundo_familia_abet.jpg&#8221; background_position=&#8221;top_left&#8221; custom_padding=&#8221;91px|0px|81px|0px|false|false&#8221; top_divider_color=&#8221;rgba(255,255,255,0.47)&#8221; top_divider_flip=&#8221;horizontal&#8221; global_module=&#8221;420&#8243; global_colors_info=&#8221;{}&#8221;][et_pb_row column_structure=&#8221;1_2,1_2&#8243; _builder_version=&#8221;4.16&#8243; global_colors_info=&#8221;{}&#8221;][et_pb_column type=&#8221;1_2&#8243; _builder_version=&#8221;4.16&#8243; custom_padding=&#8221;|||&#8221; global_colors_info=&#8221;{}&#8221; custom_padding__hover=&#8221;|||&#8221;][et_pb_text _builder_version=&#8221;4.16&#8243; header_font=&#8221;||||||||&#8221; header_text_color=&#8221;#2ea3f2&#8243; header_font_size=&#8221;42px&#8221; header_2_font=&#8221;||||||||&#8221; header_2_line_height=&#8221;1.2em&#8221; use_background_color_gradient=&#8221;on&#8221; background_color_gradient_direction=&#8221;90deg&#8221; background_color_gradient_stops=&#8221;#ffffff 0%|rgba(41,196,169,0) 76%&#8221; background_color_gradient_start=&#8221;#ffffff&#8221; background_color_gradient_end=&#8221;rgba(41,196,169,0)&#8221; background_color_gradient_end_position=&#8221;76%&#8221; custom_margin=&#8221;|||-10px&#8221; custom_padding=&#8221;10px|||15px&#8221; header_font_size_tablet=&#8221;30px&#8221; header_font_size_phone=&#8221;&#8221; header_font_size_last_edited=&#8221;on|phone&#8221; header_2_font_size_tablet=&#8221;20px&#8221; header_2_font_size_phone=&#8221;20px&#8221; header_2_font_size_last_edited=&#8221;on|tablet&#8221; border_radii=&#8221;|15px|||&#8221; global_colors_info=&#8221;{}&#8221;]<\/p>\n<h1>APROVEITE<\/h1>\n<p>[\/et_pb_text][et_pb_text _builder_version=&#8221;4.16&#8243; header_font=&#8221;||||||||&#8221; header_text_color=&#8221;#ffffff&#8221; header_font_size=&#8221;32px&#8221; header_2_font=&#8221;||||||||&#8221; header_2_line_height=&#8221;1.2em&#8221; header_font_size_tablet=&#8221;24px&#8221; header_font_size_phone=&#8221;&#8221; header_font_size_last_edited=&#8221;on|phone&#8221; header_text_shadow_style=&#8221;preset1&#8243; global_colors_info=&#8221;{}&#8221;]<\/p>\n<h1>S\u00e3o diversos Benef\u00edcios<br \/> para voc\u00ea e sua fam\u00edlia<\/h1>\n<p>[\/et_pb_text][et_pb_button button_url=&#8221;https:\/\/abet.com.br\/abet\/contato\/&#8221; button_text=&#8221;Seja um Associado ABET&#8221; _builder_version=&#8221;4.16&#8243; custom_button=&#8221;on&#8221; button_text_size=&#8221;18px&#8221; button_text_color=&#8221;#ffffff&#8221; button_bg_color=&#8221;#2ea3f2&#8243; button_bg_use_color_gradient=&#8221;on&#8221; button_bg_color_gradient_stops=&#8221;#2b87da 0%|#2ea3f2 100%&#8221; button_bg_color_gradient_end=&#8221;#2ea3f2&#8243; button_border_color=&#8221;#2ea3f2&#8243; button_border_radius=&#8221;5px&#8221; button_font=&#8221;||||||||&#8221; button_use_icon=&#8221;off&#8221; global_colors_info=&#8221;{}&#8221; button_bg_color__hover_enabled=&#8221;on&#8221; button_bg_color__hover=&#8221;#2ea3f2&#8243;][\/et_pb_button][\/et_pb_column][et_pb_column type=&#8221;1_2&#8243; _builder_version=&#8221;4.16&#8243; custom_padding=&#8221;|||&#8221; global_colors_info=&#8221;{}&#8221; custom_padding__hover=&#8221;|||&#8221;][\/et_pb_column][\/et_pb_row][et_pb_row column_structure=&#8221;1_2,1_2&#8243; use_custom_gutter=&#8221;on&#8221; gutter_width=&#8221;2&#8243; _builder_version=&#8221;4.16&#8243; custom_margin=&#8221;||&#8221; custom_padding=&#8221;0|0px|0|0px|false|false&#8221; global_colors_info=&#8221;{}&#8221;][et_pb_column type=&#8221;1_2&#8243; _builder_version=&#8221;4.16&#8243; custom_padding=&#8221;|||&#8221; global_colors_info=&#8221;{}&#8221; custom_padding__hover=&#8221;|||&#8221;][et_pb_text _builder_version=&#8221;4.16&#8243; header_font=&#8221;||||||||&#8221; header_2_font=&#8221;||||||||&#8221; header_2_text_color=&#8221;#003879&#8243; header_2_font_size=&#8221;20px&#8221; global_colors_info=&#8221;{}&#8221;][\/et_pb_text][\/et_pb_column][et_pb_column type=&#8221;1_2&#8243; _builder_version=&#8221;4.16&#8243; custom_padding=&#8221;|||&#8221; global_colors_info=&#8221;{}&#8221; custom_padding__hover=&#8221;|||&#8221;][et_pb_text _builder_version=&#8221;4.16&#8243; header_font=&#8221;||||||||&#8221; header_2_font=&#8221;||||||||&#8221; header_2_text_color=&#8221;#003879&#8243; header_2_font_size=&#8221;20px&#8221; global_colors_info=&#8221;{}&#8221;][\/et_pb_text][\/et_pb_column][\/et_pb_row][\/et_pb_section]<\/p>\n","protected":false},"excerpt":{"rendered":"<p>Seguro ViagemTratados internacionais obrigam, para a entrada em alguns pa\u00edses, que os turistas comprovem a contrata\u00e7\u00e3o de um Seguro Viagem, para garantir a assist\u00eancia m\u00e9dica por doen\u00e7a ou acidente. Dentre os pa\u00edses que exigem este seguro, est\u00e3o Alemanha, Dinamarca, Espanha, Fran\u00e7a, Gr\u00e9cia, Holanda, It\u00e1lia, Luxemburgo, Noruega, Portugal, Su\u00e9cia e Su\u00ed\u00e7a. Op\u00e7\u00f5es de planos s\u00e3o oferecidas [&hellip;]<\/p>\n","protected":false},"author":1,"featured_media":0,"parent":0,"menu_order":0,"comment_status":"closed","ping_status":"closed","template":"","meta":{"_et_pb_use_builder":"on","_et_pb_old_content":"","_et_gb_content_width":"","_mi_skip_tracking":false},"yoast_head":"<!-- This site is optimized with the Yoast SEO plugin v18.5.1 - https:\/\/yoast.com\/wordpress\/plugins\/seo\/ -->\r\n<title>Seguro Viagem - ABET<\/title>\r\n<meta name=\"robots\" content=\"index, follow, max-snippet:-1, max-image-preview:large, max-video-preview:-1\" \/>\r\n<link rel=\"canonical\" href=\"https:\/\/abet.com.br\/abet\/seguro-viagem-3\/\" \/>\r\n<meta property=\"og:locale\" content=\"pt_BR\" \/>\r\n<meta property=\"og:type\" content=\"article\" \/>\r\n<meta property=\"og:title\" content=\"Seguro Viagem - ABET\" \/>\r\n<meta property=\"og:description\" content=\"Seguro ViagemTratados internacionais obrigam, para a entrada em alguns pa\u00edses, que os turistas comprovem a contrata\u00e7\u00e3o de um Seguro Viagem, para garantir a assist\u00eancia m\u00e9dica por doen\u00e7a ou acidente. Dentre os pa\u00edses que exigem este seguro, est\u00e3o Alemanha, Dinamarca, Espanha, Fran\u00e7a, Gr\u00e9cia, Holanda, It\u00e1lia, Luxemburgo, Noruega, Portugal, Su\u00e9cia e Su\u00ed\u00e7a. Op\u00e7\u00f5es de planos s\u00e3o oferecidas [&hellip;]\" \/>\r\n<meta property=\"og:url\" content=\"https:\/\/abet.com.br\/abet\/seguro-viagem-3\/\" \/>\r\n<meta property=\"og:site_name\" content=\"ABET\" \/>\r\n<meta property=\"article:modified_time\" content=\"2025-09-16T20:30:58+00:00\" \/>\r\n<meta name=\"twitter:card\" content=\"summary_large_image\" \/>\r\n<meta name=\"twitter:label1\" content=\"Est. reading time\" \/>\n\t<meta name=\"twitter:data1\" content=\"5 minutos\" \/>\r\n<script type=\"application\/ld+json\" class=\"yoast-schema-graph\">{\"@context\":\"https:\/\/schema.org\",\"@graph\":[{\"@type\":\"WebSite\",\"@id\":\"https:\/\/abet.com.br\/abet\/#website\",\"url\":\"https:\/\/abet.com.br\/abet\/\",\"name\":\"ABET\",\"description\":\"Associa\u00e7\u00e3o Brasileira dos Empregados em Telecomunica\u00e7\u00f5es.\",\"potentialAction\":[{\"@type\":\"SearchAction\",\"target\":{\"@type\":\"EntryPoint\",\"urlTemplate\":\"https:\/\/abet.com.br\/abet\/?s={search_term_string}\"},\"query-input\":\"required name=search_term_string\"}],\"inLanguage\":\"pt-BR\"},{\"@type\":\"WebPage\",\"@id\":\"https:\/\/abet.com.br\/abet\/seguro-viagem-3\/#webpage\",\"url\":\"https:\/\/abet.com.br\/abet\/seguro-viagem-3\/\",\"name\":\"Seguro Viagem - ABET\",\"isPartOf\":{\"@id\":\"https:\/\/abet.com.br\/abet\/#website\"},\"datePublished\":\"2019-09-27T15:53:13+00:00\",\"dateModified\":\"2025-09-16T20:30:58+00:00\",\"breadcrumb\":{\"@id\":\"https:\/\/abet.com.br\/abet\/seguro-viagem-3\/#breadcrumb\"},\"inLanguage\":\"pt-BR\",\"potentialAction\":[{\"@type\":\"ReadAction\",\"target\":[\"https:\/\/abet.com.br\/abet\/seguro-viagem-3\/\"]}]},{\"@type\":\"BreadcrumbList\",\"@id\":\"https:\/\/abet.com.br\/abet\/seguro-viagem-3\/#breadcrumb\",\"itemListElement\":[{\"@type\":\"ListItem\",\"position\":1,\"name\":\"Home\",\"item\":\"https:\/\/abet.com.br\/abet\/\"},{\"@type\":\"ListItem\",\"position\":2,\"name\":\"Seguro Viagem\"}]}]}<\/script>\r\n<!-- \/ Yoast SEO plugin. -->","yoast_head_json":{"title":"Seguro Viagem - ABET","robots":{"index":"index","follow":"follow","max-snippet":"max-snippet:-1","max-image-preview":"max-image-preview:large","max-video-preview":"max-video-preview:-1"},"canonical":"https:\/\/abet.com.br\/abet\/seguro-viagem-3\/","og_locale":"pt_BR","og_type":"article","og_title":"Seguro Viagem - ABET","og_description":"Seguro ViagemTratados internacionais obrigam, para a entrada em alguns pa\u00edses, que os turistas comprovem a contrata\u00e7\u00e3o de um Seguro Viagem, para garantir a assist\u00eancia m\u00e9dica por doen\u00e7a ou acidente. Dentre os pa\u00edses que exigem este seguro, est\u00e3o Alemanha, Dinamarca, Espanha, Fran\u00e7a, Gr\u00e9cia, Holanda, It\u00e1lia, Luxemburgo, Noruega, Portugal, Su\u00e9cia e Su\u00ed\u00e7a. Op\u00e7\u00f5es de planos s\u00e3o oferecidas [&hellip;]","og_url":"https:\/\/abet.com.br\/abet\/seguro-viagem-3\/","og_site_name":"ABET","article_modified_time":"2025-09-16T20:30:58+00:00","twitter_card":"summary_large_image","twitter_misc":{"Est. reading time":"5 minutos"},"schema":{"@context":"https:\/\/schema.org","@graph":[{"@type":"WebSite","@id":"https:\/\/abet.com.br\/abet\/#website","url":"https:\/\/abet.com.br\/abet\/","name":"ABET","description":"Associa\u00e7\u00e3o Brasileira dos Empregados em Telecomunica\u00e7\u00f5es.","potentialAction":[{"@type":"SearchAction","target":{"@type":"EntryPoint","urlTemplate":"https:\/\/abet.com.br\/abet\/?s={search_term_string}"},"query-input":"required name=search_term_string"}],"inLanguage":"pt-BR"},{"@type":"WebPage","@id":"https:\/\/abet.com.br\/abet\/seguro-viagem-3\/#webpage","url":"https:\/\/abet.com.br\/abet\/seguro-viagem-3\/","name":"Seguro Viagem - ABET","isPartOf":{"@id":"https:\/\/abet.com.br\/abet\/#website"},"datePublished":"2019-09-27T15:53:13+00:00","dateModified":"2025-09-16T20:30:58+00:00","breadcrumb":{"@id":"https:\/\/abet.com.br\/abet\/seguro-viagem-3\/#breadcrumb"},"inLanguage":"pt-BR","potentialAction":[{"@type":"ReadAction","target":["https:\/\/abet.com.br\/abet\/seguro-viagem-3\/"]}]},{"@type":"BreadcrumbList","@id":"https:\/\/abet.com.br\/abet\/seguro-viagem-3\/#breadcrumb","itemListElement":[{"@type":"ListItem","position":1,"name":"Home","item":"https:\/\/abet.com.br\/abet\/"},{"@type":"ListItem","position":2,"name":"Seguro Viagem"}]}]}},"_links":{"self":[{"href":"https:\/\/abet.com.br\/abet\/wp-json\/wp\/v2\/pages\/1494"}],"collection":[{"href":"https:\/\/abet.com.br\/abet\/wp-json\/wp\/v2\/pages"}],"about":[{"href":"https:\/\/abet.com.br\/abet\/wp-json\/wp\/v2\/types\/page"}],"author":[{"embeddable":true,"href":"https:\/\/abet.com.br\/abet\/wp-json\/wp\/v2\/users\/1"}],"replies":[{"embeddable":true,"href":"https:\/\/abet.com.br\/abet\/wp-json\/wp\/v2\/comments?post=1494"}],"version-history":[{"count":5,"href":"https:\/\/abet.com.br\/abet\/wp-json\/wp\/v2\/pages\/1494\/revisions"}],"predecessor-version":[{"id":5092,"href":"https:\/\/abet.com.br\/abet\/wp-json\/wp\/v2\/pages\/1494\/revisions\/5092"}],"wp:attachment":[{"href":"https:\/\/abet.com.br\/abet\/wp-json\/wp\/v2\/media?parent=1494"}],"curies":[{"name":"wp","href":"https:\/\/api.w.org\/{rel}","templated":true}]}}